{"id":265,"date":"2022-01-11T20:07:06","date_gmt":"2022-01-11T12:07:06","guid":{"rendered":"http:\/\/botrond.com\/?page_id=265"},"modified":"2022-03-10T20:23:25","modified_gmt":"2022-03-10T12:23:25","slug":"news_gsxwdt","status":"publish","type":"page","link":"https:\/\/botrond.com\/?page_id=265","title":{"rendered":"\u516c\u53f8\u52a8\u6001"},"content":{"rendered":"\t\t<div data-elementor-type=\"wp-page\" data-elementor-id=\"265\" class=\"elementor elementor-265\" data-elementor-settings=\"[]\">\n\t\t\t\t\t\t\t<div class=\"elementor-section-wrap\">\n\t\t\t\t\t\t\t<section class=\"elementor-section elementor-top-section elementor-element elementor-element-ca4798e elementor-section-full_width elementor-section-height-default elementor-section-height-default\" data-id=\"ca4798e\" data-element_type=\"section\">\n\t\t\t\t\t\t<div class=\"elementor-container elementor-column-gap-no\">\n\t\t\t\t\t<div class=\"elementor-column elementor-col-100 elementor-top-column elementor-element elementor-element-fce9c37\" data-id=\"fce9c37\" data-element_type=\"column\">\n\t\t\t<div class=\"elementor-widget-wrap elementor-element-populated\">\n\t\t\t\t\t\t\t\t<div class=\"elementor-element elementor-element-a465c34 elementor-widget elementor-widget-ucaddon_simple_slider\" data-id=\"a465c34\" data-element_type=\"widget\" data-widget_type=\"ucaddon_simple_slider.default\">\n\t\t\t\t<div class=\"elementor-widget-container\">\n\t\t\t<!-- start Simple Slider -->\n\t\t<link id='font-awesome-css' href='https:\/\/botrond.com\/wp-content\/plugins\/unlimited-elements-for-elementor\/assets_libraries\/font-awesome5\/css\/fontawesome-all.min.css' type='text\/css' rel='stylesheet' >\n\t\t<link id='font-awesome-4-shim-css' href='https:\/\/botrond.com\/wp-content\/plugins\/unlimited-elements-for-elementor\/assets_libraries\/font-awesome5\/css\/fontawesome-v4-shims.css' type='text\/css' rel='stylesheet' >\n\t\t<link id='uc_ac_assets_file_slick_css_1729-css' href='https:\/\/botrond.com\/wp-content\/uploads\/ac_assets\/simple_animated_slider\/slick.css' type='text\/css' rel='stylesheet' >\n\n\t\t\t<style type=\"text\/css\">\/* widget: Simple Slider *\/\n\n#uc_simple_slider_elementor13026\n{\n  overflow:hidden;\n  direction:ltr;\n}\n#uc_simple_slider_elementor13026 .ue_slide {\n  position: relative;\n}\n#uc_simple_slider_elementor13026 .slide__img {\n  width: 100%;\n  height: auto;\n  overflow: hidden;\n}\n\n#uc_simple_slider_elementor13026 .slide__img img {\n  max-width: 100%;\n  height: auto;\n  opacity: 1 !important;          \n  animation-duration: 3s;\n  transition: all 1s ease;\n}\n#uc_simple_slider_elementor13026 .slide__content {\n  position: absolute;\n  top: 50%;\n  left: 50%;\n  transform: translate(-50%, -50%);\n}\n#uc_simple_slider_elementor13026 .slide__content--headings {\n  text-align: center;\n  color: #FFF;\n}\n#uc_simple_slider_elementor13026 .slide__content--headings h2 {\n}\n#uc_simple_slider_elementor13026 .slide__content--headings .animated {\n  transition: all 0.5s ease;\n}\n.ue_simple_slider_title\n{\n  font-size:26px;\n}\n\n#uc_simple_slider_elementor13026 .ue_simple_slider_button a{\n\n  display:inline-block;\n  text-align:center;\n  text-decoration:none;\n}  \n\n\n#uc_simple_slider_elementor13026 .slick-prev{\n    position:absolute;\n    left:30px;\n    display:flex !important;\n    align-items:center;\n    justify-content:center;\n    text-align:center;\n    z-index:101;\n    border:none;\n    outline:none;\n}\n#uc_simple_slider_elementor13026 .slick-next{\n  position:absolute;\n  right:30px;\n  display:flex !important;\n  align-items:center;\n    justify-content:center;\n  text-align:center;\n  z-index:101;\n  border:none;\n  outline:none;\n}\n\n#uc_simple_slider_elementor13026 .ue_slide_overlay\n{\n  position:absolute;\n  top:0;\n  bottom:0;\n  left:0;\n  right:0;\n}\n.slick-dots {\n  position: absolute;\n  list-style: none;\n  display: block;\n  text-align: center;\n  padding: 0;\n  margin: 0;\n  width: 100%;\n}\n.slick-dots li {\n  position: relative;\n  display: inline-block;\n  margin: 0 5px;\n  padding: 0;\n  cursor: pointer;\n}\n.slick-dots li button {\n  border: 0;\n  display: block;\n  outline: none;\n  line-height: 0px;\n  font-size: 0px;\n  color: transparent;\n  padding: 5px;\n  cursor: pointer;\n  transition: all 0.3s ease;\n}\n.slick-dots li button:hover,\n.slick-dots li button:focus {\n  outline: none;\n}\n.simple-dots .slick-dots li {\n\n}\n.simple-dots .slick-dots li button {\n  border-radius: 50%;\n}\n\n.stick-dots .slick-dots li button {\n  position: relative;\n  padding: 0;\n}\n\n<\/style>\n\n\t\t\t<div class=\"ue_slider stick-dots\" id=\"uc_simple_slider_elementor13026\" >\n    <div class=\"ue_slide\" style=\"background-image:url(https:\/\/botrond.com\/wp-content\/uploads\/2022\/03\/ba-8-scaled.jpeg);background-size:cover;background-position:center center;\">\n  <div class=\"ue_slide_overlay\"><\/div>  \n    <\/div>\n\n<\/div>\n\t\t\t<!-- end Simple Slider -->\t\t<\/div>\n\t\t\t\t<\/div>\n\t\t\t\t\t<\/div>\n\t\t<\/div>\n\t\t\t\t\t\t\t<\/div>\n\t\t<\/section>\n\t\t\t\t<section class=\"elementor-section elementor-top-section elementor-element elementor-element-50607e3 elementor-section-full_width elementor-section-height-default elementor-section-height-default\" data-id=\"50607e3\" data-element_type=\"section\">\n\t\t\t\t\t\t<div class=\"elementor-container elementor-column-gap-no\">\n\t\t\t\t\t<div class=\"elementor-column elementor-col-100 elementor-top-column elementor-element elementor-element-cb86ef1\" data-id=\"cb86ef1\" data-element_type=\"column\">\n\t\t\t<div class=\"elementor-widget-wrap elementor-element-populated\">\n\t\t\t\t\t\t\t\t<div class=\"elementor-element elementor-element-dd60dec animated-fast elementor-invisible elementor-widget elementor-widget-ucaddon_blox_btn_group\" data-id=\"dd60dec\" data-element_type=\"widget\" data-settings=\"{&quot;_animation&quot;:&quot;fadeInRight&quot;}\" data-widget_type=\"ucaddon_blox_btn_group.default\">\n\t\t\t\t<div class=\"elementor-widget-container\">\n\t\t\t<!-- start Button Group -->\n\t\t\t<style type=\"text\/css\">\/* widget: Button Group *\/\n\n.blox_btn_group a\n{\n  \n}\n#uc_blox_btn_group_elementor23254 #uc_blox_btn_group_elementor23254_item1\n{\n  display:inline-block;\n  color:#333333;\n  padding:px px;\n  border-radius:0pxpx;\n  background-color:#FFFFFF;\n  text-decoration:none;\n  transition:0.3s;\n  border-style:solid;\n  border-color:;\n  margin:0 px 0 px;\n}\n\n#uc_blox_btn_group_elementor23254 #uc_blox_btn_group_elementor23254_item1:hover\n{\n  background-color:#145AB2;\n  border:0pxpx solid ;\n  color:#ffffff;\n}\n#uc_blox_btn_group_elementor23254 #uc_blox_btn_group_elementor23254_item2\n{\n  display:inline-block;\n  color:#FFFFFF;\n  padding:px px;\n  border-radius:0pxpx;\n  background-color:#145AB2;\n  text-decoration:none;\n  transition:0.3s;\n  border-style:solid;\n  border-color:#0076FF;\n  margin:0 px 0 px;\n}\n\n#uc_blox_btn_group_elementor23254 #uc_blox_btn_group_elementor23254_item2:hover\n{\n  background-color:#145AB2;\n  border:0pxpx solid #0076FF;\n  color:#ffffff;\n}\n#uc_blox_btn_group_elementor23254 #uc_blox_btn_group_elementor23254_item3\n{\n  display:inline-block;\n  color:#000000;\n  padding:px px;\n  border-radius:0pxpx;\n  background-color:#FFFFFF;\n  text-decoration:none;\n  transition:0.3s;\n  border-style:solid;\n  border-color:#0076FF;\n  margin:0 px 0 px;\n}\n\n#uc_blox_btn_group_elementor23254 #uc_blox_btn_group_elementor23254_item3:hover\n{\n  background-color:#145AB2;\n  border:0pxpx solid #0076FF;\n  color:#ffffff;\n}\n#uc_blox_btn_group_elementor23254 #uc_blox_btn_group_elementor23254_item4\n{\n  display:inline-block;\n  color:#000000;\n  padding:px px;\n  border-radius:0pxpx;\n  background-color:#FFFFFF;\n  text-decoration:none;\n  transition:0.3s;\n  border-style:solid;\n  border-color:#0076FF;\n  margin:0 px 0 px;\n}\n\n#uc_blox_btn_group_elementor23254 #uc_blox_btn_group_elementor23254_item4:hover\n{\n  background-color:#145AB2;\n  border:0pxpx solid #0076FF;\n  color:#ffffff;\n}\n\n\n<\/style>\n\n\t\t\t<div id=\"uc_blox_btn_group_elementor23254\" class=\"blox_btn_group\">\n<a href=\"https:\/\/botrond.com\/?page_id=819\" id=\"uc_blox_btn_group_elementor23254_item1\" >\u4ea7\u54c1\u8d44\u8baf<\/a>\n<a href=\"https:\/\/botrond.com\/?page_id=265\" id=\"uc_blox_btn_group_elementor23254_item2\" >\u516c\u53f8\u52a8\u6001<\/a>\n<a href=\"https:\/\/botrond.com\/?page_id=257\" id=\"uc_blox_btn_group_elementor23254_item3\" >\u884c\u4e1a\u52a8\u6001<\/a>\n<a href=\"https:\/\/botrond.com\/?page_id=821\" id=\"uc_blox_btn_group_elementor23254_item4\" >\u901a\u77e5\u516c\u544a<\/a>\n\n<\/div>\n\t\t\t<!-- end Button Group -->\t\t<\/div>\n\t\t\t\t<\/div>\n\t\t\t\t\t<\/div>\n\t\t<\/div>\n\t\t\t\t\t\t\t<\/div>\n\t\t<\/section>\n\t\t\t\t<section class=\"elementor-section elementor-top-section elementor-element elementor-element-5ad9e38 elementor-section-full_width elementor-section-height-default elementor-section-height-default\" data-id=\"5ad9e38\" data-element_type=\"section\">\n\t\t\t\t\t\t<div class=\"elementor-container elementor-column-gap-default\">\n\t\t\t\t\t<div class=\"elementor-column elementor-col-100 elementor-top-column elementor-element elementor-element-6a55b18\" data-id=\"6a55b18\" data-element_type=\"column\">\n\t\t\t<div class=\"elementor-widget-wrap elementor-element-populated\">\n\t\t\t\t\t\t\t\t<div class=\"elementor-element elementor-element-58a8a3f elementor-widget elementor-widget-ucaddon_post_blocks\" data-id=\"58a8a3f\" data-element_type=\"widget\" data-widget_type=\"ucaddon_post_blocks.default\">\n\t\t\t\t<div class=\"elementor-widget-container\">\n\t\t\t<!-- start Post Blocks -->\n\n\t\t\t<style type=\"text\/css\">\/* widget: Post Blocks *\/\n\n#uc_post_blocks_elementor38995 {\n    display:grid;\n}\n#uc_post_blocks_elementor38995 .ue_post_blocks_box\n{\n  overflow:hidden;\n}\n\n#uc_post_blocks_elementor38995 .ue_post_blocks_image\n{\n  overflow:hidden;\n}\n#uc_post_blocks_elementor38995 .ue_post_blocks_image img\n{\n  object-fit: cover;\n  object-position:center center;\n  width:100%;\n  display:block;\n}\n#uc_post_blocks_elementor38995 .ue_post_blocks_link a\n{\n  display:inline-block;\n  text-decoration:none;\n  text-align:center;\n}\n\n #uc_post_blocks_elementor38995 .ue_post_blocks_box img\n{\n  transition:0.5s;\n}\n #uc_post_blocks_elementor38995 .ue_post_blocks_box:hover img\n{\n  transform:scale(1.1,1.1);\n}\n\n\n\n\n#uc_post_blocks_elementor38995 .ue-grid-item-meta-data\n{\n  display:inlin-flex;\n  flex-wrap: wrap;\n}\n\n.ue-grid-item-meta-data\n{\n  font-size:12px;\n}\n\n#uc_post_blocks_elementor38995 .ue-grid-item-meta-data-icon\n{\n  line-height:1em;\n}\n\n#uc_post_blocks_elementor38995 .ue-grid-item-meta-data-icon svg\n{\n  width:1em;\n  height:1em;\n}\n\n\n.ue-grid-item-category a\n{\n  display:inline-block;\n  font-size:10px;\n  text-transform:uppercase;\n}\n\n<\/style>\n\n\t\t\t<div id=\"uc_post_blocks_elementor38995\" class=\"ue_post_blocks uc-items-wrapper\" >\n    <div class=\"ue_post_blocks_box\">\n    <div class=\"ue_post_blocks_image\">\n    <a href=\"https:\/\/botrond.com\/?p=25012\" style=\"display:block;\"><img decoding=\"async\" src=\"https:\/\/botrond.com\/wp-content\/uploads\/ac_assets\/uc_article_grid_style_six\/\/no-image.png\"><\/a>\n  <\/div>\n    <div class=\"ue_post_blocks_content\">\n      \n     \n         \n    <div class=\"ue_post_blocks_title\"><a href=\"https:\/\/botrond.com\/?p=25012\">Ins\u00e4ttningar och uttag p\u00e5 MGA casinon f\u00f6r en smidig spelupplevelse<\/a><\/div>    \n        \n    \n    <div class=\"ue_post_blocks_text\">Att hantera sina spelkonton \u00e4r en avg\u00f6rande aspekt av spelupplevelsen. Dark den digitala v\u00e4rlden \u00e4r tillg\u00e5ng...<\/div>      <\/div>\n<\/div>\n<div class=\"ue_post_blocks_box\">\n    <div class=\"ue_post_blocks_image\">\n    <a href=\"https:\/\/botrond.com\/?p=2112\" style=\"display:block;\"><img decoding=\"async\" src=\"https:\/\/botrond.com\/wp-content\/uploads\/2022\/03\/1117906156.jpg\"><\/a>\n  <\/div>\n    <div class=\"ue_post_blocks_content\">\n      \n     \n         \n    <div class=\"ue_post_blocks_title\"><a href=\"https:\/\/botrond.com\/?p=2112\">\u5bfc\u81f4\u82af\u7247\u4e0d\u826f\u539f\u56e0\u5206\u6790\u53ca\u6539\u5584\u63aa\u65bd<\/a><\/div>    \n        \n    \n    <div class=\"ue_post_blocks_text\">1\u3001\u9759\u7535\u51fb\u7a7f\uff1b\n2\u3001\u62f7\u8d1d\u5668\u5ea7\u5b50\u6ca1\u6709\u63a5\u89e6\u597d\uff0c\u7a0b\u5e8f\u70e7\u5f55\u4e0d\u826f\uff1b\n3\u3001\u82af\u7247\u88ab\u88ab\u5f3a\u7535\u6d41\u51fb\u7a7f\n4\u3001\u82af\u7247\u672c\u8eab\u6765\u6599\u4e0d\u826f<\/div>      <\/div>\n<\/div>\n\n<\/div>\n\t\t\t<!-- end Post Blocks -->\t\t<\/div>\n\t\t\t\t<\/div>\n\t\t\t\t\t<\/div>\n\t\t<\/div>\n\t\t\t\t\t\t\t<\/div>\n\t\t<\/section>\n\t\t\t\t\t\t<\/div>\n\t\t\t\t\t<\/div>\n\t\t","protected":false},"excerpt":{"rendered":"<p>\u4ea7\u54c1\u8d44\u8baf \u516c\u53f8\u52a8\u6001 \u884c\u4e1a\u52a8\u6001 \u901a\u77e5\u516c\u544a \u516c\u53f8\u65b0\u95fb6 \u8001\u548c\u5c1a\u65b9\u624d\u8fd8\u4e86\u9b42\uff0c\u8dea\u5728\u5730\u4e0b\u62dc\u8c22 \u516c\u53f8\u65b0\u95fb5 \u6070\u597d &hellip;<\/p>\n","protected":false},"author":1,"featured_media":0,"parent":47,"menu_order":0,"comment_status":"closed","ping_status":"closed","template":"elementor_header_footer","meta":{"footnotes":""},"class_list":["post-265","page","type-page","status-publish","hentry"],"_links":{"self":[{"href":"https:\/\/botrond.com\/index.php?rest_route=\/wp\/v2\/pages\/265","targetHints":{"allow":["GET"]}}],"collection":[{"href":"https:\/\/botrond.com\/index.php?rest_route=\/wp\/v2\/pages"}],"about":[{"href":"https:\/\/botrond.com\/index.php?rest_route=\/wp\/v2\/types\/page"}],"author":[{"embeddable":true,"href":"https:\/\/botrond.com\/index.php?rest_route=\/wp\/v2\/users\/1"}],"replies":[{"embeddable":true,"href":"https:\/\/botrond.com\/index.php?rest_route=%2Fwp%2Fv2%2Fcomments&post=265"}],"version-history":[{"count":31,"href":"https:\/\/botrond.com\/index.php?rest_route=\/wp\/v2\/pages\/265\/revisions"}],"predecessor-version":[{"id":2055,"href":"https:\/\/botrond.com\/index.php?rest_route=\/wp\/v2\/pages\/265\/revisions\/2055"}],"up":[{"embeddable":true,"href":"https:\/\/botrond.com\/index.php?rest_route=\/wp\/v2\/pages\/47"}],"wp:attachment":[{"href":"https:\/\/botrond.com\/index.php?rest_route=%2Fwp%2Fv2%2Fmedia&parent=265"}],"curies":[{"name":"wp","href":"https:\/\/api.w.org\/{rel}","templated":true}]}}