{"id":47,"date":"2021-11-04T20:38:43","date_gmt":"2021-11-04T12:38:43","guid":{"rendered":"http:\/\/botrond.com\/?page_id=47"},"modified":"2022-03-10T20:20:01","modified_gmt":"2022-03-10T12:20:01","slug":"%e6%96%b0%e9%97%bb%e4%b8%ad%e5%bf%83","status":"publish","type":"page","link":"https:\/\/botrond.com\/?page_id=47","title":{"rendered":"\u65b0\u95fb\u4e2d\u5fc3"},"content":{"rendered":"\t\t<div data-elementor-type=\"wp-page\" data-elementor-id=\"47\" class=\"elementor elementor-47\" data-elementor-settings=\"[]\">\n\t\t\t\t\t\t\t<div class=\"elementor-section-wrap\">\n\t\t\t\t\t\t\t<section class=\"elementor-section elementor-top-section elementor-element elementor-element-5effdad elementor-section-full_width elementor-section-height-default elementor-section-height-default\" data-id=\"5effdad\" data-element_type=\"section\">\n\t\t\t\t\t\t<div class=\"elementor-container elementor-column-gap-no\">\n\t\t\t\t\t<div class=\"elementor-column elementor-col-100 elementor-top-column elementor-element elementor-element-179131e\" data-id=\"179131e\" data-element_type=\"column\">\n\t\t\t<div class=\"elementor-widget-wrap elementor-element-populated\">\n\t\t\t\t\t\t\t\t<div class=\"elementor-element elementor-element-9c82f7b elementor-widget elementor-widget-ucaddon_simple_slider\" data-id=\"9c82f7b\" data-element_type=\"widget\" data-widget_type=\"ucaddon_simple_slider.default\">\n\t\t\t\t<div class=\"elementor-widget-container\">\n\t\t\t<!-- start Simple Slider -->\n\t\t<link id='font-awesome-css' href='https:\/\/botrond.com\/wp-content\/plugins\/unlimited-elements-for-elementor\/assets_libraries\/font-awesome5\/css\/fontawesome-all.min.css' type='text\/css' rel='stylesheet' >\n\t\t<link id='font-awesome-4-shim-css' href='https:\/\/botrond.com\/wp-content\/plugins\/unlimited-elements-for-elementor\/assets_libraries\/font-awesome5\/css\/fontawesome-v4-shims.css' type='text\/css' rel='stylesheet' >\n\t\t<link id='uc_ac_assets_file_slick_css_1729-css' href='https:\/\/botrond.com\/wp-content\/uploads\/ac_assets\/simple_animated_slider\/slick.css' type='text\/css' rel='stylesheet' >\n\n\t\t\t<style type=\"text\/css\">\/* widget: Simple Slider *\/\n\n#uc_simple_slider_elementor11243\n{\n  overflow:hidden;\n  direction:ltr;\n}\n#uc_simple_slider_elementor11243 .ue_slide {\n  position: relative;\n}\n#uc_simple_slider_elementor11243 .slide__img {\n  width: 100%;\n  height: auto;\n  overflow: hidden;\n}\n\n#uc_simple_slider_elementor11243 .slide__img img {\n  max-width: 100%;\n  height: auto;\n  opacity: 1 !important;          \n  animation-duration: 3s;\n  transition: all 1s ease;\n}\n#uc_simple_slider_elementor11243 .slide__content {\n  position: absolute;\n  top: 50%;\n  left: 50%;\n  transform: translate(-50%, -50%);\n}\n#uc_simple_slider_elementor11243 .slide__content--headings {\n  text-align: center;\n  color: #FFF;\n}\n#uc_simple_slider_elementor11243 .slide__content--headings h2 {\n}\n#uc_simple_slider_elementor11243 .slide__content--headings .animated {\n  transition: all 0.5s ease;\n}\n.ue_simple_slider_title\n{\n  font-size:26px;\n}\n\n#uc_simple_slider_elementor11243 .ue_simple_slider_button a{\n\n  display:inline-block;\n  text-align:center;\n  text-decoration:none;\n}  \n\n\n#uc_simple_slider_elementor11243 .slick-prev{\n    position:absolute;\n    left:30px;\n    display:flex !important;\n    align-items:center;\n    justify-content:center;\n    text-align:center;\n    z-index:101;\n    border:none;\n    outline:none;\n}\n#uc_simple_slider_elementor11243 .slick-next{\n  position:absolute;\n  right:30px;\n  display:flex !important;\n  align-items:center;\n    justify-content:center;\n  text-align:center;\n  z-index:101;\n  border:none;\n  outline:none;\n}\n\n#uc_simple_slider_elementor11243 .ue_slide_overlay\n{\n  position:absolute;\n  top:0;\n  bottom:0;\n  left:0;\n  right:0;\n}\n.slick-dots {\n  position: absolute;\n  list-style: none;\n  display: block;\n  text-align: center;\n  padding: 0;\n  margin: 0;\n  width: 100%;\n}\n.slick-dots li {\n  position: relative;\n  display: inline-block;\n  margin: 0 5px;\n  padding: 0;\n  cursor: pointer;\n}\n.slick-dots li button {\n  border: 0;\n  display: block;\n  outline: none;\n  line-height: 0px;\n  font-size: 0px;\n  color: transparent;\n  padding: 5px;\n  cursor: pointer;\n  transition: all 0.3s ease;\n}\n.slick-dots li button:hover,\n.slick-dots li button:focus {\n  outline: none;\n}\n.simple-dots .slick-dots li {\n\n}\n.simple-dots .slick-dots li button {\n  border-radius: 50%;\n}\n\n.stick-dots .slick-dots li button {\n  position: relative;\n  padding: 0;\n}\n\n<\/style>\n\n\t\t\t<div class=\"ue_slider stick-dots\" id=\"uc_simple_slider_elementor11243\" >\n    <div class=\"ue_slide\" style=\"background-image:url(https:\/\/botrond.com\/wp-content\/uploads\/2022\/03\/ba-8-scaled.jpeg);background-size:cover;background-position:center center;\">\n  <div class=\"ue_slide_overlay\"><\/div>  \n    <\/div>\n\n<\/div>\n\t\t\t<!-- end Simple Slider -->\t\t<\/div>\n\t\t\t\t<\/div>\n\t\t\t\t\t<\/div>\n\t\t<\/div>\n\t\t\t\t\t\t\t<\/div>\n\t\t<\/section>\n\t\t\t\t<section class=\"elementor-section elementor-top-section elementor-element elementor-element-a088299 elementor-section-full_width elementor-section-height-default elementor-section-height-default\" data-id=\"a088299\" data-element_type=\"section\">\n\t\t\t\t\t\t<div class=\"elementor-container elementor-column-gap-no\">\n\t\t\t\t\t<div class=\"elementor-column elementor-col-100 elementor-top-column elementor-element elementor-element-eb94f5a\" data-id=\"eb94f5a\" data-element_type=\"column\">\n\t\t\t<div class=\"elementor-widget-wrap elementor-element-populated\">\n\t\t\t\t\t\t\t\t<div class=\"elementor-element elementor-element-79442f7 animated-fast elementor-invisible elementor-widget elementor-widget-ucaddon_blox_btn_group\" data-id=\"79442f7\" data-element_type=\"widget\" data-settings=\"{&quot;_animation&quot;:&quot;fadeInRight&quot;}\" data-widget_type=\"ucaddon_blox_btn_group.default\">\n\t\t\t\t<div class=\"elementor-widget-container\">\n\t\t\t<!-- start Button Group -->\n\t\t\t<style type=\"text\/css\">\/* widget: Button Group *\/\n\n.blox_btn_group a\n{\n  \n}\n#uc_blox_btn_group_elementor29094 #uc_blox_btn_group_elementor29094_item1\n{\n  display:inline-block;\n  color:#333333;\n  padding:px px;\n  border-radius:0pxpx;\n  background-color:#FFFFFF;\n  text-decoration:none;\n  transition:0.3s;\n  border-style:solid;\n  border-color:;\n  margin:0 px 0 px;\n}\n\n#uc_blox_btn_group_elementor29094 #uc_blox_btn_group_elementor29094_item1:hover\n{\n  background-color:#145AB2;\n  border:0pxpx solid ;\n  color:#ffffff;\n}\n#uc_blox_btn_group_elementor29094 #uc_blox_btn_group_elementor29094_item2\n{\n  display:inline-block;\n  color:#000000;\n  padding:px px;\n  border-radius:0pxpx;\n  background-color:#ffffff;\n  text-decoration:none;\n  transition:0.3s;\n  border-style:solid;\n  border-color:#0076FF;\n  margin:0 px 0 px;\n}\n\n#uc_blox_btn_group_elementor29094 #uc_blox_btn_group_elementor29094_item2:hover\n{\n  background-color:#145AB2;\n  border:0pxpx solid #0076FF;\n  color:#ffffff;\n}\n#uc_blox_btn_group_elementor29094 #uc_blox_btn_group_elementor29094_item3\n{\n  display:inline-block;\n  color:#000000;\n  padding:px px;\n  border-radius:0pxpx;\n  background-color:#FFFFFF;\n  text-decoration:none;\n  transition:0.3s;\n  border-style:solid;\n  border-color:#0076FF;\n  margin:0 px 0 px;\n}\n\n#uc_blox_btn_group_elementor29094 #uc_blox_btn_group_elementor29094_item3:hover\n{\n  background-color:#145AB2;\n  border:0pxpx solid #0076FF;\n  color:#ffffff;\n}\n#uc_blox_btn_group_elementor29094 #uc_blox_btn_group_elementor29094_item4\n{\n  display:inline-block;\n  color:#000000;\n  padding:px px;\n  border-radius:0pxpx;\n  background-color:#FFFFFF;\n  text-decoration:none;\n  transition:0.3s;\n  border-style:solid;\n  border-color:#0076FF;\n  margin:0 px 0 px;\n}\n\n#uc_blox_btn_group_elementor29094 #uc_blox_btn_group_elementor29094_item4:hover\n{\n  background-color:#145AB2;\n  border:0pxpx solid #0076FF;\n  color:#ffffff;\n}\n\n\n<\/style>\n\n\t\t\t<div id=\"uc_blox_btn_group_elementor29094\" class=\"blox_btn_group\">\n<a href=\"https:\/\/botrond.com\/?page_id=819\" id=\"uc_blox_btn_group_elementor29094_item1\" >\u4ea7\u54c1\u8d44\u8baf<\/a>\n<a href=\"https:\/\/botrond.com\/?page_id=265\" id=\"uc_blox_btn_group_elementor29094_item2\" >\u516c\u53f8\u52a8\u6001<\/a>\n<a href=\"https:\/\/botrond.com\/?page_id=257\" id=\"uc_blox_btn_group_elementor29094_item3\" >\u884c\u4e1a\u52a8\u6001<\/a>\n<a href=\"https:\/\/botrond.com\/?page_id=821\" id=\"uc_blox_btn_group_elementor29094_item4\" >\u901a\u77e5\u516c\u544a<\/a>\n\n<\/div>\n\t\t\t<!-- end Button Group -->\t\t<\/div>\n\t\t\t\t<\/div>\n\t\t\t\t\t<\/div>\n\t\t<\/div>\n\t\t\t\t\t\t\t<\/div>\n\t\t<\/section>\n\t\t\t\t<section class=\"elementor-section elementor-top-section elementor-element elementor-element-49c18f1 elementor-section-full_width elementor-section-height-default elementor-section-height-default\" data-id=\"49c18f1\" data-element_type=\"section\">\n\t\t\t\t\t\t<div class=\"elementor-container elementor-column-gap-default\">\n\t\t\t\t\t<div class=\"elementor-column elementor-col-100 elementor-top-column elementor-element elementor-element-73312c7\" data-id=\"73312c7\" data-element_type=\"column\">\n\t\t\t<div class=\"elementor-widget-wrap elementor-element-populated\">\n\t\t\t\t\t\t\t\t<div class=\"elementor-element elementor-element-aecb524 animated-slow elementor-invisible elementor-widget elementor-widget-ucaddon_post_blocks\" data-id=\"aecb524\" data-element_type=\"widget\" data-settings=\"{&quot;_animation&quot;:&quot;fadeInUp&quot;}\" data-widget_type=\"ucaddon_post_blocks.default\">\n\t\t\t\t<div class=\"elementor-widget-container\">\n\t\t\t<!-- start Post Blocks -->\n\n\t\t\t<style type=\"text\/css\">\/* widget: Post Blocks *\/\n\n#uc_post_blocks_elementor39931 {\n    display:grid;\n}\n#uc_post_blocks_elementor39931 .ue_post_blocks_box\n{\n  overflow:hidden;\n}\n\n#uc_post_blocks_elementor39931 .ue_post_blocks_image\n{\n  overflow:hidden;\n}\n#uc_post_blocks_elementor39931 .ue_post_blocks_image img\n{\n  object-fit: cover;\n  object-position:center center;\n  width:100%;\n  display:block;\n}\n#uc_post_blocks_elementor39931 .ue_post_blocks_link a\n{\n  display:inline-block;\n  text-decoration:none;\n  text-align:center;\n}\n\n #uc_post_blocks_elementor39931 .ue_post_blocks_box img\n{\n  transition:0.5s;\n}\n #uc_post_blocks_elementor39931 .ue_post_blocks_box:hover img\n{\n  transform:scale(1.1,1.1);\n}\n\n\n\n\n#uc_post_blocks_elementor39931 .ue-grid-item-meta-data\n{\n  display:inlin-flex;\n  flex-wrap: wrap;\n}\n\n.ue-grid-item-meta-data\n{\n  font-size:12px;\n}\n\n#uc_post_blocks_elementor39931 .ue-grid-item-meta-data-icon\n{\n  line-height:1em;\n}\n\n#uc_post_blocks_elementor39931 .ue-grid-item-meta-data-icon svg\n{\n  width:1em;\n  height:1em;\n}\n\n\n.ue-grid-item-category a\n{\n  display:inline-block;\n  font-size:10px;\n  text-transform:uppercase;\n}\n\n<\/style>\n\n\t\t\t<div id=\"uc_post_blocks_elementor39931\" class=\"ue_post_blocks uc-items-wrapper\" >\n    <div class=\"ue_post_blocks_box\">\n    <div class=\"ue_post_blocks_image\">\n    <a href=\"https:\/\/botrond.com\/?p=7242\" style=\"display:block;\"><img decoding=\"async\" src=\"https:\/\/botrond.com\/wp-content\/uploads\/ac_assets\/uc_article_grid_style_six\/\/no-image.png\"><\/a>\n  <\/div>\n    <div class=\"ue_post_blocks_content\">\n      \n     \n         \n    <div class=\"ue_post_blocks_title\"><a href=\"https:\/\/botrond.com\/?p=7242\">Utforska MGA Casinon och Deras Bonusar Utan Ins\u00e4ttning f\u00f6r Spel\u00e4ventyret<\/a><\/div>    \n        \n    \n    <div class=\"ue_post_blocks_text\">I den st\u00e4ndigt f\u00f6r\u00e4nderliga v\u00e4rlden av online-spel \u00e4r det av st\u00f6rsta vikt att f\u00f6rst\u00e5 olika principer...<\/div>      <\/div>\n<\/div>\n<div class=\"ue_post_blocks_box\">\n    <div class=\"ue_post_blocks_image\">\n    <a href=\"https:\/\/botrond.com\/?p=24996\" style=\"display:block;\"><img decoding=\"async\" src=\"https:\/\/botrond.com\/wp-content\/uploads\/ac_assets\/uc_article_grid_style_six\/\/no-image.png\"><\/a>\n  <\/div>\n    <div class=\"ue_post_blocks_content\">\n      \n     \n         \n    <div class=\"ue_post_blocks_title\"><a href=\"https:\/\/botrond.com\/?p=24996\">Analysera erbjudanden och kampanjer p\u00e5 internationella casinon f\u00f6r optimala spelupplevelser<\/a><\/div>    \n        \n    \n    <div class=\"ue_post_blocks_text\">Den svenska spelaren har alltid varit p\u00e5 jakt efter de b\u00e4sta f\u00f6ruts\u00e4ttningarna f\u00f6r att maximera sin upplevelse....<\/div>      <\/div>\n<\/div>\n<div class=\"ue_post_blocks_box\">\n    <div class=\"ue_post_blocks_image\">\n    <a href=\"https:\/\/botrond.com\/?p=25012\" style=\"display:block;\"><img decoding=\"async\" src=\"https:\/\/botrond.com\/wp-content\/uploads\/ac_assets\/uc_article_grid_style_six\/\/no-image.png\"><\/a>\n  <\/div>\n    <div class=\"ue_post_blocks_content\">\n      \n     \n         \n    <div class=\"ue_post_blocks_title\"><a href=\"https:\/\/botrond.com\/?p=25012\">Ins\u00e4ttningar och uttag p\u00e5 MGA casinon f\u00f6r en smidig spelupplevelse<\/a><\/div>    \n        \n    \n    <div class=\"ue_post_blocks_text\">Att hantera sina spelkonton \u00e4r en avg\u00f6rande aspekt av spelupplevelsen. Dark den digitala v\u00e4rlden \u00e4r tillg\u00e5ng...<\/div>      <\/div>\n<\/div>\n<div class=\"ue_post_blocks_box\">\n    <div class=\"ue_post_blocks_image\">\n    <a href=\"https:\/\/botrond.com\/?p=14958\" style=\"display:block;\"><img decoding=\"async\" src=\"https:\/\/botrond.com\/wp-content\/uploads\/ac_assets\/uc_article_grid_style_six\/\/no-image.png\"><\/a>\n  <\/div>\n    <div class=\"ue_post_blocks_content\">\n      \n     \n         \n    <div class=\"ue_post_blocks_title\"><a href=\"https:\/\/botrond.com\/?p=14958\">Les enjeux complexes de la volatilit\u00e9 dans le jeu du poulet et ses cons\u00e9quences<\/a><\/div>    \n        \n    \n    <div class=\"ue_post_blocks_text\">La psychologie du participant joue un r\u00f4le fondamental dans l'anticipation des issues d'une rencontre....<\/div>      <\/div>\n<\/div>\n<div class=\"ue_post_blocks_box\">\n    <div class=\"ue_post_blocks_image\">\n    <a href=\"https:\/\/botrond.com\/?p=2271\" style=\"display:block;\"><img decoding=\"async\" src=\"https:\/\/botrond.com\/wp-content\/uploads\/2022\/08\/20220802004.png\"><\/a>\n  <\/div>\n    <div class=\"ue_post_blocks_content\">\n      \n     \n         \n    <div class=\"ue_post_blocks_title\"><a href=\"https:\/\/botrond.com\/?p=2271\">\u5168\u7403\u534a\u5bfc\u4f53\u9500\u552e\u5747\u4e0b\u964d\uff0c\u4e2d\u56fd\u8dcc\u5e45\u6700\u5927<\/a><\/div>    \n        \n    \n    <div class=\"ue_post_blocks_text\">\u534a\u5bfc\u4f53\u884c\u4e1a\u534f\u4f1a (SIA) \u4eca\u5929\u5ba3\u5e03\uff0c2022 \u5e74\u7b2c\u4e8c\u5b63\u5ea6\u5168\u7403\u534a\u5bfc\u4f53\u9500\u552e\u989d\u603b\u8ba1 1525 \u4ebf\u7f8e\u5143\uff0c\u6bd4 2021 \u5e74\u7b2c\u4e8c\u5b63\u5ea6\u589e\u957f 13.3%\uff0c\u6bd4 2022 \u5e74\u7b2c\u4e00\u5b63\u5ea6\u589e\u957f 0.5%\u30022022 \u5e74 6 \u6708\u7684\u9500\u552e\u989d\u4e3a...<\/div>      <\/div>\n<\/div>\n<div class=\"ue_post_blocks_box\">\n    <div class=\"ue_post_blocks_image\">\n    <a href=\"https:\/\/botrond.com\/?p=2264\" style=\"display:block;\"><img decoding=\"async\" src=\"https:\/\/botrond.com\/wp-content\/uploads\/2022\/08\/20220802001.jpg\"><\/a>\n  <\/div>\n    <div class=\"ue_post_blocks_content\">\n      \n     \n         \n    <div class=\"ue_post_blocks_title\"><a href=\"https:\/\/botrond.com\/?p=2264\">\u7f8e\u56fd\u6216\u518d\u5bf9\u4e2d\u56fd\u534a\u5bfc\u4f53\u4e0b\u72e0\u62db\uff0c\u9650\u5236\u5b58\u50a8\u5382\u8bbe\u5907\u51fa\u53e3<\/a><\/div>    \n        \n    \n    <div class=\"ue_post_blocks_text\">\u636e\u8def\u900f\u793e\u62a5\u9053\uff0c\u56db\u4f4d\u77e5\u60c5\u4eba\u58eb\u900f\u9732\uff0c\u7f8e\u56fd\u6b63\u8003\u8651\u9650\u5236\u5411\u4e2d\u56fd\u5b58\u50a8\u82af\u7247\u5236\u9020\u5546\u51fa\u53e3\u7f8e\u56fd\u82af\u7247\u5236\u9020\u8bbe\u5907\uff0c\u8fd9\u65e8\u5728\u9650\u5236\u4e2d\u56fd\u7684\u534a\u5bfc\u4f53\u884c\u4e1a\u53d1\u5c55\u5e76\u4fdd\u62a4\u7f8e\u56fd\u516c\u53f8\u3002<\/div>      <\/div>\n<\/div>\n<div class=\"ue_post_blocks_box\">\n    <div class=\"ue_post_blocks_image\">\n    <a href=\"https:\/\/botrond.com\/?p=2255\" style=\"display:block;\"><img decoding=\"async\" src=\"https:\/\/botrond.com\/wp-content\/uploads\/2022\/06\/u16740692233342593651fm253fmtautoapp138fJPEG.webp.jpg\"><\/a>\n  <\/div>\n    <div class=\"ue_post_blocks_content\">\n      \n     \n         \n    <div class=\"ue_post_blocks_title\"><a href=\"https:\/\/botrond.com\/?p=2255\">\u5de8\u5934\u56de\u5e94\u6a21\u62df\u82af\u7247\u66b4\u8dcc\uff0c\u56fd\u5185\u5382\u5546\u53d1\u5c55\u673a\u9047\u6765\u4e86\u5417\uff1f<\/a><\/div>    \n        \n    \n    <div class=\"ue_post_blocks_text\">2020\u5e74\u7b2c\u56db\u5b63\u5ea6\u7206\u53d1\u7684\u201c\u7f3a\u82af\u201d\u5371\u673a\uff0c\u4ee4\u4e0d\u5c11\u82af\u7247\u4ea7\u54c1\u4ef7\u683c\u4e0a\u6da8\uff0c\u6a21\u62df\u82af\u7247\u7531\u4e8e\u4ea7\u54c1\u79cd\u7c7b\u7e41\u6742\uff0c\u4e0b\u6e38\u6d89\u53ca\u5e02\u573a\u5e7f\uff0c\u5e94\u7528\u9700\u6c42\u5de8\u5927\uff0c\u6210\u4e3a\u6da8\u4ef7\u7684\u201c\u4e3b\u529b\u519b\u201d<\/div>      <\/div>\n<\/div>\n<div class=\"ue_post_blocks_box\">\n    <div class=\"ue_post_blocks_image\">\n    <a href=\"https:\/\/botrond.com\/?p=2239\" style=\"display:block;\"><img decoding=\"async\" src=\"https:\/\/botrond.com\/wp-content\/uploads\/2022\/06\/u2752886598950114249fm253fmtautoapp138fJPEG.webp.jpg\"><\/a>\n  <\/div>\n    <div class=\"ue_post_blocks_content\">\n      \n     \n         \n    <div class=\"ue_post_blocks_title\"><a href=\"https:\/\/botrond.com\/?p=2239\">SiC\u8d5b\u9053\u706b\u70ed\uff0c\u6bd4\u4e9a\u8fea\u3001\u610f\u6cd5\u534a\u5bfc\u4f53\u7b49\u4f20\u6765\u65b0\u52a8\u6001<\/a><\/div>    \n        \n    \n    <div class=\"ue_post_blocks_text\">\u534a\u5bfc\u4f53\u4ea7\u4e1a\u7f51\u83b7\u6089\uff0c\u8fd1\u65e5\uff0cSiC\u8d5b\u9053\u706b\u70ed\uff0c\u6bd4\u4e9a\u8fea\u3001\u610f\u6cd5\u534a\u5bfc\u4f53\u3001\u79d1\u53cb\u534a\u5bfc\u4f53\u3001\u6052\u666e\u79d1\u6280\u7eb7\u7eb7\u5ba3\u5e03\u4e86\u4e0eSiC\u76f8\u5173\u7684\u65b0\u4ea7\u54c1\u3001\u65b0\u6280\u672f\u4ee5\u53ca\u65b0\u4ea7\u7ebf<\/div>      <\/div>\n<\/div>\n\n<\/div>\n\t\t\t<!-- end Post Blocks --><div class='uc-posts-pagination'><span aria-current=\"page\" class=\"page-numbers current\">1<\/span>\n<a class=\"page-numbers\" href=\"https:\/\/botrond.com\/index.php\/?page=2&#038;rest_route=%2Fwp%2Fv2%2Fpages%2F47\">2<\/a>\n<a class=\"page-numbers\" href=\"https:\/\/botrond.com\/index.php\/?page=3&#038;rest_route=%2Fwp%2Fv2%2Fpages%2F47\">3<\/a><\/div>\t\t<\/div>\n\t\t\t\t<\/div>\n\t\t\t\t\t<\/div>\n\t\t<\/div>\n\t\t\t\t\t\t\t<\/div>\n\t\t<\/section>\n\t\t\t\t\t\t<\/div>\n\t\t\t\t\t<\/div>\n\t\t","protected":false},"excerpt":{"rendered":"<p>\u4ea7\u54c1\u8d44\u8baf \u516c\u53f8\u52a8\u6001 \u884c\u4e1a\u52a8\u6001 \u901a\u77e5\u516c\u544a \u516c\u53f8\u65b0\u95fb6 \u8001\u548c\u5c1a\u65b9\u624d\u8fd8\u4e86\u9b42\uff0c\u8dea\u5728\u5730\u4e0b\u62dc\u8c22 \u516c\u53f8\u65b0\u95fb5 \u6070\u597d &hellip;<\/p>\n","protected":false},"author":1,"featured_media":0,"parent":0,"menu_order":0,"comment_status":"closed","ping_status":"closed","template":"elementor_header_footer","meta":{"footnotes":""},"class_list":["post-47","page","type-page","status-publish","hentry"],"_links":{"self":[{"href":"https:\/\/botrond.com\/index.php?rest_route=\/wp\/v2\/pages\/47","targetHints":{"allow":["GET"]}}],"collection":[{"href":"https:\/\/botrond.com\/index.php?rest_route=\/wp\/v2\/pages"}],"about":[{"href":"https:\/\/botrond.com\/index.php?rest_route=\/wp\/v2\/types\/page"}],"author":[{"embeddable":true,"href":"https:\/\/botrond.com\/index.php?rest_route=\/wp\/v2\/users\/1"}],"replies":[{"embeddable":true,"href":"https:\/\/botrond.com\/index.php?rest_route=%2Fwp%2Fv2%2Fcomments&post=47"}],"version-history":[{"count":70,"href":"https:\/\/botrond.com\/index.php?rest_route=\/wp\/v2\/pages\/47\/revisions"}],"predecessor-version":[{"id":1786,"href":"https:\/\/botrond.com\/index.php?rest_route=\/wp\/v2\/pages\/47\/revisions\/1786"}],"wp:attachment":[{"href":"https:\/\/botrond.com\/index.php?rest_route=%2Fwp%2Fv2%2Fmedia&parent=47"}],"curies":[{"name":"wp","href":"https:\/\/api.w.org\/{rel}","templated":true}]}}